{"id":22,"date":"2014-10-22T14:28:41","date_gmt":"2014-10-22T12:28:41","guid":{"rendered":"http:\/\/bolek-essen.de\/forum\/blog\/?page_id=22"},"modified":"2021-04-19T15:22:06","modified_gmt":"2021-04-19T13:22:06","slug":"hyperion-images","status":"publish","type":"page","link":"https:\/\/insaneboard.de\/blog\/?page_id=22","title":{"rendered":"Hyperion Images \/ Backup aufspielen"},"content":{"rendered":"<p>zum Beschreiben der SD Karte wird das Programm Win32DiskImager ben\u00f6tigt.<br \/>\nDownload:\u00a0<a href=\"http:\/\/insaneboard.de\/blog\/wp-content\/uploads\/2014\/10\/win32diskimager-v0.9-binary.rar\">win32diskimager-v0.9-binary<\/a><\/p>\n<p>Unsere Images passen auf eine SD Karte mit mind.\u00a03,63 GB (3.904.897.024 Bytes)<\/p>\n<p><iframe loading=\"lazy\" title=\"Insanelight Image auf SD Karte kopieren\" width=\"625\" height=\"469\" src=\"https:\/\/www.youtube.com\/embed\/oef5u709WDk?feature=oembed\" frameborder=\"0\" allow=\"accelerometer; autoplay; clipboard-write; encrypted-media; gyroscope; picture-in-picture; web-share\" referrerpolicy=\"strict-origin-when-cross-origin\" allowfullscreen><\/iframe><\/p>\n<p>&nbsp;<\/p>\n<p>&nbsp;<\/p>\n<p><strong><span style=\"text-decoration: underline;\">Images RPI B:<\/span><\/strong><\/p>\n<p><strong>24.02.2015: kleine \u00c4nderungen vorgenommen (inkl. Script f\u00fcr Safe Shutdown, USV und Remote PI 2015)<\/strong><\/p>\n<p>Ma\u00dfe: 110&#215;60 Led&#8217;s: 52&#215;28\u00a0<a href=\"http:\/\/insaneboard.de\/blog\/wp-content\/uploads\/2015\/04\/ambi47-2-hyperion-safe-rpi15-v03-backup.rar\">ambi47-2-hyperion-safe-rpi15-v03-backup<\/a><br \/>\nMa\u00dfe: 105&#215;60 Led&#8217;s: 50&#215;28\u00a0<a href=\"http:\/\/insaneboard.de\/blog\/wp-content\/uploads\/2014\/10\/ambi47-3-hyperion-safe-rpi15-v03-backup.rar\">ambi47-3-hyperion-safe-rpi15-v03-backup<\/a><br \/>\nMa\u00dfe: 115&#215;65 Led&#8217;s: 54&#215;30\u00a0<a href=\"http:\/\/insaneboard.de\/blog\/wp-content\/uploads\/2015\/05\/ambi50-hyperion-safe-rpi15-v03-backup.rar\">ambi50-hyperion-safe-rpi15-v03-backup<\/a><br \/>\nMa\u00dfe: 120&#215;70 Led&#8217;s: 56&#215;32\u00a0<a href=\"http:\/\/insaneboard.de\/blog\/wp-content\/uploads\/2014\/10\/ambi55-3-hyperion-safe-rpi15-v03-backup.rar\">ambi55-3-hyperion-safe-rpi15-v03-backup<\/a><br \/>\nMa\u00dfe: 125&#215;65 Led&#8217;s 60&#215;30\u00a0<a href=\"http:\/\/insaneboard.de\/blog\/wp-content\/uploads\/2015\/03\/ambi55-7-hyperion-safe-rpi15-v03-backup.rar\">ambi55-7-hyperion-safe-rpi15-v03-backup<\/a><br \/>\nMa\u00dfe: 140&#215;80 Led&#8217;s: 66&#215;38\u00a0<a href=\"http:\/\/insaneboard.de\/blog\/wp-content\/uploads\/2014\/10\/ambi60-2-hyperion-safe-rpi15-v03-backup.rar\">ambi60-2-hyperion-safe-rpi15-v03-backup<\/a><br \/>\nMa\u00dfe:\u00a0145\u00d780 Leds 68\u00d738\u00a0<a href=\"http:\/\/insaneboard.de\/blog\/wp-content\/uploads\/2015\/04\/ambi65-4-hyperion-safe-rpi15-v03-backup.rar\">ambi65-4-hyperion-safe-rpi15-v03-backup<\/a><br \/>\nMa\u00dfe: 145&#215;85 Led&#8217;s: 68&#215;40\u00a0<a href=\"http:\/\/insaneboard.de\/blog\/wp-content\/uploads\/2014\/10\/ambi65-hyperion-safe-rpi15-v03-backup.rar\">ambi65-hyperion-safe-rpi15-v03-backup<\/a><\/p>\n<p><strong><span style=\"text-decoration: underline;\">Images RPI 2\/3<\/span><\/strong><br \/>\n<a href=\"http:\/\/insanelight.de\/download\/\" target=\"_blank\" rel=\"noopener\">http:\/\/insanelight.de\/download\/<\/a><\/p>\n<p>Falls dein Image nicht dabei ist, wende dich an uns.<\/p>\n","protected":false},"excerpt":{"rendered":"<p>zum Beschreiben der SD Karte wird das Programm Win32DiskImager ben\u00f6tigt. Download:\u00a0win32diskimager-v0.9-binary Unsere Images passen auf eine SD Karte mit mind.\u00a03,63 GB (3.904.897.024 Bytes) &nbsp; &nbsp; Images RPI B: 24.02.2015: kleine \u00c4nderungen vorgenommen (inkl. Script f\u00fcr Safe Shutdown, USV und Remote PI 2015) Ma\u00dfe: 110&#215;60 Led&#8217;s: 52&#215;28\u00a0ambi47-2-hyperion-safe-rpi15-v03-backup Ma\u00dfe: 105&#215;60 Led&#8217;s: 50&#215;28\u00a0ambi47-3-hyperion-safe-rpi15-v03-backup Ma\u00dfe: 115&#215;65 Led&#8217;s: 54&#215;30\u00a0ambi50-hyperion-safe-rpi15-v03-backup Ma\u00dfe: [&hellip;]<\/p>\n","protected":false},"author":2,"featured_media":0,"parent":51,"menu_order":0,"comment_status":"open","ping_status":"open","template":"","meta":{"footnotes":""},"class_list":["post-22","page","type-page","status-publish","hentry"],"_links":{"self":[{"href":"https:\/\/insaneboard.de\/blog\/index.php?rest_route=\/wp\/v2\/pages\/22","targetHints":{"allow":["GET"]}}],"collection":[{"href":"https:\/\/insaneboard.de\/blog\/index.php?rest_route=\/wp\/v2\/pages"}],"about":[{"href":"https:\/\/insaneboard.de\/blog\/index.php?rest_route=\/wp\/v2\/types\/page"}],"author":[{"embeddable":true,"href":"https:\/\/insaneboard.de\/blog\/index.php?rest_route=\/wp\/v2\/users\/2"}],"replies":[{"embeddable":true,"href":"https:\/\/insaneboard.de\/blog\/index.php?rest_route=%2Fwp%2Fv2%2Fcomments&post=22"}],"version-history":[{"count":56,"href":"https:\/\/insaneboard.de\/blog\/index.php?rest_route=\/wp\/v2\/pages\/22\/revisions"}],"predecessor-version":[{"id":2817,"href":"https:\/\/insaneboard.de\/blog\/index.php?rest_route=\/wp\/v2\/pages\/22\/revisions\/2817"}],"up":[{"embeddable":true,"href":"https:\/\/insaneboard.de\/blog\/index.php?rest_route=\/wp\/v2\/pages\/51"}],"wp:attachment":[{"href":"https:\/\/insaneboard.de\/blog\/index.php?rest_route=%2Fwp%2Fv2%2Fmedia&parent=22"}],"curies":[{"name":"wp","href":"https:\/\/api.w.org\/{rel}","templated":true}]}}