{"id":2074,"date":"2019-03-21T22:44:27","date_gmt":"2019-03-21T20:44:27","guid":{"rendered":"http:\/\/insaneboard.de\/blog\/?page_id=2074"},"modified":"2019-03-21T22:45:58","modified_gmt":"2019-03-21T20:45:58","slug":"impressum","status":"publish","type":"page","link":"https:\/\/insaneboard.de\/blog\/?page_id=2074","title":{"rendered":"Impressum"},"content":{"rendered":"<p align=\"left\">Robert Nowak<br \/>\nHorsterstr. 184<br \/>\n45968 Gladbeck<br \/>\nTelefon: 0156-78527693 (nur Whatsapp Chat)<br \/>\nE-Mail: <span \n                data-original-string=\"K9dJ9BgE4\/zKa56wAT1mAg==49aY6D7UFzj59502xzfMFYqmQzKuCeiMHkdRH+yi3rYONw=\"\n                class=\"apbct-email-encoder\"\n                title=\"Dieser Kontakt wurde von Anti-Spam by CleanTalk verschl\u00fcsselt. Klicken Sie hier, um ihn zu entschl\u00fcsseln. Um die Entschl\u00fcsselung abzuschlie\u00dfen, stellen Sie sicher, dass JavaScript in Ihrem Browser aktiviert ist.\">sh<span class=\"apbct-blur\">**@in********.<\/span>de<\/span><\/p>\n<p>Umsatzsteuer-Identifikationsnummer gem\u00e4\u00df \u00a7 27a Umsatzsteuergesetz (UStG): DE261572250<\/p>\n","protected":false},"excerpt":{"rendered":"<p>Robert Nowak Horsterstr. 184 45968 Gladbeck Telefon: 0156-78527693 (nur Whatsapp Chat) E-Mail: sh**@in********.de Umsatzsteuer-Identifikationsnummer gem\u00e4\u00df \u00a7 27a Umsatzsteuergesetz (UStG): DE261572250<\/p>\n","protected":false},"author":2,"featured_media":0,"parent":0,"menu_order":100,"comment_status":"closed","ping_status":"closed","template":"","meta":{"footnotes":""},"class_list":["post-2074","page","type-page","status-publish","hentry"],"_links":{"self":[{"href":"https:\/\/insaneboard.de\/blog\/index.php?rest_route=\/wp\/v2\/pages\/2074","targetHints":{"allow":["GET"]}}],"collection":[{"href":"https:\/\/insaneboard.de\/blog\/index.php?rest_route=\/wp\/v2\/pages"}],"about":[{"href":"https:\/\/insaneboard.de\/blog\/index.php?rest_route=\/wp\/v2\/types\/page"}],"author":[{"embeddable":true,"href":"https:\/\/insaneboard.de\/blog\/index.php?rest_route=\/wp\/v2\/users\/2"}],"replies":[{"embeddable":true,"href":"https:\/\/insaneboard.de\/blog\/index.php?rest_route=%2Fwp%2Fv2%2Fcomments&post=2074"}],"version-history":[{"count":4,"href":"https:\/\/insaneboard.de\/blog\/index.php?rest_route=\/wp\/v2\/pages\/2074\/revisions"}],"predecessor-version":[{"id":2078,"href":"https:\/\/insaneboard.de\/blog\/index.php?rest_route=\/wp\/v2\/pages\/2074\/revisions\/2078"}],"wp:attachment":[{"href":"https:\/\/insaneboard.de\/blog\/index.php?rest_route=%2Fwp%2Fv2%2Fmedia&parent=2074"}],"curies":[{"name":"wp","href":"https:\/\/api.w.org\/{rel}","templated":true}]}}