{"id":141,"date":"2014-10-27T20:47:51","date_gmt":"2014-10-27T18:47:51","guid":{"rendered":"http:\/\/insaneboard.de\/blog\/?page_id=141"},"modified":"2017-02-20T16:26:56","modified_gmt":"2017-02-20T14:26:56","slug":"faq","status":"publish","type":"page","link":"http:\/\/insaneboard.de\/blog\/?page_id=141","title":{"rendered":"FAQ"},"content":{"rendered":"<p><iframe loading=\"lazy\" title=\"Insanelight Ambilight Plug &amp; Play Set (deutsch)\" width=\"625\" height=\"352\" src=\"https:\/\/www.youtube.com\/embed\/nwSaGUrZOs4?feature=oembed\" frameborder=\"0\" allow=\"accelerometer; autoplay; clipboard-write; encrypted-media; gyroscope; picture-in-picture; web-share\" referrerpolicy=\"strict-origin-when-cross-origin\" allowfullscreen><\/iframe><\/p>\n<p>1.<br \/>\n<strong>F: Gibt es ein Geh\u00e4use f\u00fcr alle Komponenten?<\/strong><br \/>\nA: ja, bald <img decoding=\"async\" src=\"http:\/\/www.insaneboard.de\/wcf\/images\/smilies\/smile.png\" alt=\":)\" \/><\/p>\n<p>2.<br \/>\n<strong>F: Kann man die Komponenten auch einzeln kaufen?<\/strong><br \/>\nA: ja, <a class=\"externalURL\" href=\"http:\/\/www.insaneware.de\/epages\/61714203.sf\/de_DE\/?ObjectPath=\/Shops\/61714203\/Categories\/Raspberry_PI\/Insanelight_Komponenten\" target=\"_blank\" rel=\"nofollow\">hier<\/a><\/p>\n<p>3.<br \/>\n<strong>F: Gibt es f\u00fcr den Raspberry einen Schalter zum runterfahren?<\/strong><br \/>\nA: ja, <a class=\"externalURL\" href=\"http:\/\/www.insaneware.de\/epages\/61714203.sf\/de_DE\/?ObjectPath=\/Shops\/61714203\/Products\/swrock\" target=\"_blank\" rel=\"nofollow\">hier<\/a><br \/>\nAnsonsten hier ein Video um den Raspberry per Konsole herunter zu fahren.<\/p>\n<div style=\"width: 625px;\" class=\"wp-video\"><!--[if lt IE 9]><script>document.createElement('video');<\/script><![endif]-->\n<video class=\"wp-video-shortcode\" id=\"video-141-1\" width=\"625\" height=\"353\" preload=\"metadata\" controls=\"controls\"><source type=\"video\/mp4\" src=\"http:\/\/insaneboard.de\/blog\/wp-content\/uploads\/2014\/10\/Raspberry-PI-herunterfahren-Shutdown-Anleitung-Tutorial.mp4?_=1\" \/><a href=\"http:\/\/insaneboard.de\/blog\/wp-content\/uploads\/2014\/10\/Raspberry-PI-herunterfahren-Shutdown-Anleitung-Tutorial.mp4\">http:\/\/insaneboard.de\/blog\/wp-content\/uploads\/2014\/10\/Raspberry-PI-herunterfahren-Shutdown-Anleitung-Tutorial.mp4<\/a><\/video><\/div>\n<p>4.<br \/>\n<strong>F: Meine Ma\u00dfe sind nicht dabei, was tun?<\/strong><br \/>\nA: Einfach eine Mail mit Angabe der Breite und H\u00f6he an <a href=\"mailto:sh**@in********.de\" data-original-string=\"8OmV8qbS7UhE3+cloaPfig==49a2qCp\/L9Uo+55kEje4sZ4vpOWJOO6vuRfRm3EFLuARo4=\" title=\"Dieser Kontakt wurde von Anti-Spam by CleanTalk verschl\u00fcsselt. Klicken Sie hier, um ihn zu entschl\u00fcsseln. Um die Entschl\u00fcsselung abzuschlie\u00dfen, stellen Sie sicher, dass JavaScript in Ihrem Browser aktiviert ist.\"><span \n                data-original-string=\"QmsGaj9l9I8M\/Dy1h5DFZw==49a8jLpSXXDJ5i4M8yo+43L5OnQbdpIe\/cPOPWPJ739iqY=\"\n                class=\"apbct-email-encoder\"\n                title=\"Dieser Kontakt wurde von Anti-Spam by CleanTalk verschl\u00fcsselt. Klicken Sie hier, um ihn zu entschl\u00fcsseln. Um die Entschl\u00fcsselung abzuschlie\u00dfen, stellen Sie sicher, dass JavaScript in Ihrem Browser aktiviert ist.\">sh<span class=\"apbct-blur\">**@in********.<\/span>de<\/span><\/a> schicken. Das Set wird erstellt und kann anschlie\u00dfend im Shop erworben werden. Bitte die genauen Ma\u00dfe der zu beklebende Fl\u00e4che bestellen. Die Seiten werden jeweils um max. 1 Segment (4cm) automatisch gek\u00fcrzt, falls die L\u00e4ngen 1,5cm der bestellten Ma\u00dfe nicht unterschreitet. K\u00fcrzere Streifen wirken sich nicht auf den Abilight Effekt aus.<\/p>\n<p>5.<br \/>\n<strong>F: Ich benutze einen AV Receiver mit mehreren HDMI Eing\u00e4ngen. Wie schlie\u00dfe ich das Insanelight an?<\/strong><br \/>\nA: Den Ausgang vom AV Receiver in den HDMI INPUT vom Splitter. HDMI OUTPUT1 vom Splitter an den HDMI\/AV Konverter. HDMI OUTPUT2 zum TV. Umschaltung der HDMI Quellen dann per AV Receiver.<\/p>\n<p><a href=\"http:\/\/insaneboard.de\/blog\/wp-content\/uploads\/2014\/10\/Drawing1.jpg\"><img loading=\"lazy\" decoding=\"async\" class=\"alignnone wp-image-144 size-thumbnail\" src=\"http:\/\/insaneboard.de\/blog\/wp-content\/uploads\/2014\/10\/Drawing1-150x150.jpg\" alt=\"Drawing1\" width=\"150\" height=\"150\" \/><\/a><a href=\"http:\/\/insaneboard.de\/blog\/wp-content\/uploads\/2014\/10\/uploadfromtaptalk1400953389822.jpg\"><img loading=\"lazy\" decoding=\"async\" class=\"alignnone wp-image-145 size-thumbnail\" src=\"http:\/\/insaneboard.de\/blog\/wp-content\/uploads\/2014\/10\/uploadfromtaptalk1400953389822-150x150.jpg\" alt=\"uploadfromtaptalk1400953389822\" width=\"150\" height=\"150\" \/><\/a><\/p>\n<p>6.<br \/>\n<strong>F: Woher weiss ich welche Ma\u00dfe die richtigen sind?<\/strong><br \/>\nA: Einfach die zu beklebende Fl\u00e4che der LED Streifen an der R\u00fcckwand des Fernsehers abmessen und im Shop die Ma\u00dfe vergleichen. Die Zollangabe ist nicht immer korrekt. Bitte beachten, dass die angegebenen Ma\u00dfe nicht 100% der L\u00e4nge der Streifen \u00fcbereinstimmen. Die LED Streifen kann man alle 41,2mm (31mm bei APA102) schneiden (variiert auch manchmal um ein paar mm) Es wird deshalb immer die kleinere L\u00e4nge gew\u00e4hlt.<br \/>\nBeispiel: bei gew\u00e4hlten 85cm hat der Streifen ca. 82,5cm<\/p>\n<p>7.<br \/>\n<strong>F: Wie breit sind die Streifen?<\/strong><br \/>\nA: LPD8806 \/ WS2801 12mm<br \/>\nAPA102: 10mm<\/p>\n<p>8.<br \/>\n<strong>F: Wie wirken sich schwarze Balken bei 16:9 oder 21:9 Filmen aus?<\/strong><br \/>\nA: Standardm\u00e4\u00dfig ist eine Funktion eingestellt die die Zeilen absucht bis sie eine Zeile mit einer einstellbaren Helligkeitsschwelle findet. Erst ab da wird das &#8222;Feld&#8220; erzeugt und die Farbe ermittelt.<\/p>\n<p>9.<br \/>\n<strong>F: Funktioniert das Insanelight auch bei 3D?<\/strong><br \/>\nA:\u00a03D funktioniert. Es muss jedoch immer mit 2 Configs gearbeitet werden. Eine f\u00fcr 3D und eine f\u00fcr normalen Betrieb. Die Einstellung findet Ihr im Config Tool unter Grabber\/3D Mode.<br \/>\nHier nochmal der Download:\u00a0<a href=\"http:\/\/insaneboard.de\/blog\/wp-content\/uploads\/2014\/10\/Hypercon_SSH2.rar\">Hypercon_SSH2<\/a>. 3D funktioniert nicht in der kompakten Version, nur mit dem <a href=\"http:\/\/www.insaneware.de\/epages\/61714203.sf\/de_DE\/?ObjectID=66414069\" target=\"_blank\">HDMI 4K 1&#215;2 Splitter<\/a><\/p>\n<p><a href=\"http:\/\/insaneboard.de\/blog\/wp-content\/uploads\/2014\/10\/Screenshot-2015-02-26-12.27.31.png\"><img loading=\"lazy\" decoding=\"async\" class=\"alignnone size-medium wp-image-303\" src=\"http:\/\/insaneboard.de\/blog\/wp-content\/uploads\/2014\/10\/Screenshot-2015-02-26-12.27.31-300x162.png\" alt=\"Screenshot 2015-02-26 12.27.31\" width=\"300\" height=\"162\" srcset=\"http:\/\/insaneboard.de\/blog\/wp-content\/uploads\/2014\/10\/Screenshot-2015-02-26-12.27.31-300x162.png 300w, http:\/\/insaneboard.de\/blog\/wp-content\/uploads\/2014\/10\/Screenshot-2015-02-26-12.27.31-1024x551.png 1024w, http:\/\/insaneboard.de\/blog\/wp-content\/uploads\/2014\/10\/Screenshot-2015-02-26-12.27.31-624x336.png 624w, http:\/\/insaneboard.de\/blog\/wp-content\/uploads\/2014\/10\/Screenshot-2015-02-26-12.27.31.png 1300w\" sizes=\"auto, (max-width: 300px) 100vw, 300px\" \/><\/a><\/p>\n<p>10.<br \/>\n<strong>F: Wenn ich den Rasperry runterfahre (also ausschalte), gehen die LED\u00b4s zwar aus, aber irgendwann (nach ein paar Stunden) gehen die ersten 1-2 LED\u00b4s in der Reihe wieder an (und leuchten dann blau). Das passiert irgendwann nachts, denn morgens leuchten die dann, obwohl ich den Raspberry abends komplett runterfahre und alle aus sind.<\/strong><br \/>\nA:\u00a0Problem mit die LED\u2019s ist bekannt. Das passiert manchmal wenn zb. ein gro\u00dfer Verbraucher im Haushalt angemacht wird (Lampe, Mikrowelle..)<br \/>\nEntweder den Raspi durchlaufen lassen (LED\u2019s k\u00f6nnen per Webapp auf schwarz gestellt werden) oder die LED\u2019s komplett vom Strom nehmen.<\/p>\n<p>11.<br \/>\n<strong>F: ich m\u00f6chte mir das Insanelight zulegen. Jetzt ist es so. Ich habe keinen Receiver. Ich nutze den internen Tuner mit CI-modul f\u00fcr HD. Ist es m\u00f6glich so das Hyperion anzusteuern? Oder wird ein Receiver ben\u00f6tigt?<\/strong><br \/>\nA: das Insanelight braucht unbedingt eine Quelle. Entweder \u00fcber HDMI oder CVBS. Viele\u00a0Fernseher geben das TV Signal \u00fcber Scart aus, dann w\u00fcrde es gehen. Es gehen dann aber nur SD Sender. Verschl\u00fcsselte HD+ (RTL,Pro7,Sat1&#8230;) Sender oder Sky funktioniert nicht!<br \/>\nSmartTV (Amazon, Netflix etc.) ist ebenfalls\u00a0nicht m\u00f6glich! Es gibt \u00e4ltere Fernseher, die sogar HDMI Eingangssignale\u00a0am Scart ausgeben. Bitte vorher pr\u00fcfen (zb. einen weiteren TV am Scart anschlie\u00dfen) Wiedergabe von Datentr\u00e4gern (USB Stick, Festplatte) kann das System nicht verarbeiten.<\/p>\n<p>12.<br \/>\n<strong>F: Welches Betriebssystem l\u00e4uft auf dem Raspberry?<\/strong><br \/>\nA: Rasbian Wheezy vom 26.07.2013 (Bitte nicht updaten, da es sonst zu Problemen kommen kann)<\/p>\n<p>13.<br \/>\n<strong>F: Ich habe mehrere Quellen. Muss ich die nun immer umstecken oder gibts da eine L\u00f6sung?<\/strong><br \/>\nA: Daf\u00fcr haben wir <a class=\"externalURL\" href=\"http:\/\/www.insaneware.de\/epages\/61714203.sf\/de_DE\/?ObjectPath=\/Shops\/61714203\/Products\/hdmiswi\" target=\"_blank\" rel=\"nofollow\">hier <\/a>einen 3 Port Switch. Bis zu 3 HDMI Ger\u00e4te k\u00f6nnen mit der mitgelieferten Fernbedienung geschaltet werden. Er ist passiv und ben\u00f6tigt keine Spannungsversorgung.<\/p>\n<p>14.<br \/>\n<strong>F: Funktioniert das Insanelight mit einem Sky Receiver?<\/strong><br \/>\nA: Ja, das Insanelight kann\u00a0mit <strong>jedem<\/strong> HDMI Ger\u00e4t genutzt werden!<\/p>\n<p>15.<br \/>\n<strong>F: Wie sind die Ecken miteinander verbunden?<\/strong><br \/>\nA: Leider haben die Eckverbinder in Vergangenheit einige Probleme verursacht, sodass wir jetzt den LED Streifen am St\u00fcck lassen. Wie man am besten um die Ecke kommt, haben wir hier gezeigt: <a href=\"http:\/\/insaneboard.de\/blog\/?p=1430\" target=\"_blank\">klick<\/a><\/p>\n<p>16.<br \/>\n<strong>F: Mein AV Receiver hat 2 HDMI Ausg\u00e4nge, kann ich mir den HDMI-Splitter deshalb sparen?<\/strong><br \/>\nA: Ja, der HDMI-Splitter wird nicht ben\u00f6tigt. EIn HDMI Ausgang wird am <a class=\"externalURL\" href=\"http:\/\/www.insaneware.de\/epages\/61714203.sf\/de_DE\/?ObjectPath=\/Shops\/61714203\/Products\/hdmicomp\" target=\"_blank\" rel=\"nofollow\">HDMI-CVBS Converter\u00a0<\/a>angeschlossen, der andere am TV.<\/p>\n<p>17.<br \/>\n<strong>F: Wie verhalten sich die LED&#8217;s bei ausgeschalteter Videoquelle? Sind die aus oder leuchten sie in einer bestimmten Farbe weiter?<\/strong><br \/>\nA: Die LED&#8217;s leuchten blau. Der HDMI-AV Konverter schaltet auf ein blaues Testsignal, wenn keine Quelle anliegt. Man kann die LED&#8217;s per App auf schwarz stellen, dann w\u00e4ren sie aus<\/p>\n<p>18.<br \/>\n<strong>F: habt ihr auch streifen mit mehr LEDs hab was von 60 gelesen???<\/strong><br \/>\nA: Es gibt Streifen mit 60 LED&#8217;s pro Meter. Es gibt aber keinen merkbaren visuellen Unterschied zu 48LED&#8217;s oder 30LED&#8217;s pro Meter.<\/p>\n<p>19.<br \/>\n<strong>F: Welche LED Streifen funktionieren mit Insanelight?<\/strong><br \/>\nA: Es funktionieren APA102, WS2801 und LPD8806 Streifen! Wir verwenden aktuell (Stand November 2016) APA102 mit 32 LED&#8217;s\/m<\/p>\n<p>20.<br \/>\n<strong>F: Gibt es eine M\u00f6glichkeit den Raspberry vom Sofa aus runterzufahren?<\/strong><br \/>\nA: <a class=\"externalURL\" href=\"http:\/\/www.insaneware.de\/epages\/61714203.sf\/de_DE\/?ObjectPath=\/Shops\/61714203\/Products\/rpiremote15\" target=\"_blank\" rel=\"nofollow\">Fernbedienungs-gesteuerter Power Controller f\u00fcr Raspberry Pi<\/a><br \/>\n<a href=\"http:\/\/insaneboard.de\/blog\/wp-content\/uploads\/2014\/10\/RemotePiBoard2015_1024x768_1024x1024.jpg\"><img loading=\"lazy\" decoding=\"async\" class=\"alignnone wp-image-275\" src=\"http:\/\/insaneboard.de\/blog\/wp-content\/uploads\/2014\/10\/RemotePiBoard2015_1024x768_1024x1024-300x200.jpg\" alt=\"RemotePiBoard2015_1024x768_1024x1024\" width=\"105\" height=\"70\" srcset=\"http:\/\/insaneboard.de\/blog\/wp-content\/uploads\/2014\/10\/RemotePiBoard2015_1024x768_1024x1024-300x200.jpg 300w, http:\/\/insaneboard.de\/blog\/wp-content\/uploads\/2014\/10\/RemotePiBoard2015_1024x768_1024x1024.jpg 1024w, http:\/\/insaneboard.de\/blog\/wp-content\/uploads\/2014\/10\/RemotePiBoard2015_1024x768_1024x1024-624x416.jpg 624w\" sizes=\"auto, (max-width: 105px) 100vw, 105px\" \/><\/a><br \/>\nVorhandene Fernbedienung kann so programmiert werden, dass eine Taste den Shutdown Script ausf\u00fchrt.<\/p>\n<p>Wenn die Ausschalter zusammen mit dem Insanelight Set bestellt werden, installieren wir sie automatisch mit.<\/p>\n<p>21.<br \/>\n<strong>F: Wie finde ich die IP des Raspberries heraus?<\/strong><br \/>\nA: Den RPI per HDMI anschlie\u00dfen. Am Ende des Bootvorgangs erscheint die IP. Ansonsten im Router schauen. Verbindung per WIFI (Access Point) wird die Adresse 195.168.50.50 vergeben.<\/p>\n<p>22.<br \/>\n<strong>F: Die LED&#8217;s blitzen\/flackern abundzu.<\/strong><br \/>\nA: Das Flackern kann mehrere Ursachen haben. Versuchen Sie folgendes:<\/p>\n<ol class=\"nativeList\">\n<li>Den Raspberry so weit wie m\u00f6glich von anderen Ger\u00e4ten (Netzteil, Fernseher, Receiver) positionieren<\/li>\n<li>Das System alleine an eine Steckdose anschlie\u00dfen (ohne Mehrfachleiste)<\/li>\n<li>Um die Datenleitungen der LED-Leiste einen Ferritkern anbringen<\/li>\n<li>Die Gammawerte der RGB Farben heruntersetzen<\/li>\n<li>Den Raspberry nicht mit einem separaten Netzteil betreiben. Die LED Streifen und der Raspberry muss mit dem selben Netzteil betrieben werden<\/li>\n<li>Zus\u00e4tzlich den GND Anschluss der LED Leisten mit dem GPIO6 (Ground) verbinden<\/li>\n<\/ol>\n<p>23.<br \/>\n<strong>F: Ich habe alles \u00fcber meinen Onkyo Receiver laufen, dieser hat 7 Eing\u00e4nge und 1 Ausgang. Ben\u00f6tige ich den Splitter? <\/strong><br \/>\nA: ja! Ein Splitter w\u00e4re nur bei 2 HDMI Ausg\u00e4ngen nicht notwendig.<\/p>\n<p>24.<br \/>\n<strong>F: Gibt es irgendwelche Betriebsger\u00e4usche, wie L\u00fcfter ect. ?<\/strong><br \/>\nA: Nein, unser System ist L\u00fcfterlos. Ger\u00e4usche gibt es keine.<\/p>\n<p>25.<br \/>\n<strong>F: Gibt es eine M\u00f6glichkeit der automatischen Wandfarbenanpassung?<\/strong><br \/>\nA: Leider nein, die Farben k\u00f6nnen aber manuell per Config angepasst werden.<\/p>\n<p>26.<br \/>\n<strong>F: Ist das Insanelight mit einer Dreambox 8000 kompatibel? Die hat ja einen DVI Ausgang<\/strong><br \/>\nA: DVI ist kein Problem! Man braucht nur ein DVI auf HDMI Kabel oder Adapter<\/p>\n<p>27.<br \/>\n<strong>F: Der\u00a0Led Streifen f\u00e4ngt bei abgeschaltetem Raspberry nach einiger Zeit Blau an zu leuchten. Umso l\u00e4nger man wartet umso mehr led&#8217;s leuchten.<\/strong><\/p>\n<p>A: Das passiert <strong>manchmal<\/strong>, wenn Ger\u00e4te im Stromkreislauf eingebunden sind die dieses Ph\u00e4nomen ausl\u00f6sen (K\u00fchlschrank, Lampen, Elektroheizung&#8230;).\u00a0Da hilft nur komplett die Spannungsversorgung zu unterbrechen.<\/p>\n<p>28.<br \/>\n<strong>F: Wie lang sind die Kabel LED-Raspberry und vom Netzteil?<\/strong><br \/>\nA: Die Datenleitungen betragen 100cm. L\u00e4ngere Kabel k\u00f6nnen St\u00f6rungen (blitzen\/flackern) der LED&#8217;s verursachen. Netzteil: DC Kabel 110cm, Stromkabel 120cm.<\/p>\n<p>29.<br \/>\n<strong>F: ich habe ein AV-Receiver mit \u201eComposite Video-Monitor-Ausgangsanschluss\u201c. Eigentlich m\u00fcsste ich mir den \u201eHDMI zu Composite Adapter\u201c sparen k\u00f6nnen. Richtig?<\/strong><br \/>\nA: Kann man so pauschal nicht beantworten. Am besten einen TV an den Monitor Ausgang anschlie\u00dfen und pr\u00fcfen ob alle HDMI Signale ausgegeben werden. Einige AV Receiver geben nur ein SD Signal aus<\/p>\n<p>30.<br \/>\n<strong>F:\u00a0Wie schalte ich zwischen Handy App und Ambilight \u00fcber Video um?<\/strong><br \/>\nA:\u00a0Sobald man eine Funktion mit der App macht, reagieren die LED&#8217;s\u00a0automatisch auf die App.<br \/>\nWenn man bei der App oben rechts auf das Kreuz dr\u00fcck, wird die HDMI Quelle benutzt.<br \/>\n<a href=\"http:\/\/insaneboard.de\/blog\/wp-content\/uploads\/2014\/10\/IMG_20150827_162051.png\"><img loading=\"lazy\" decoding=\"async\" class=\"alignnone size-medium wp-image-534\" src=\"http:\/\/insaneboard.de\/blog\/wp-content\/uploads\/2014\/10\/IMG_20150827_162051-169x300.png\" alt=\"IMG_20150827_162051\" width=\"169\" height=\"300\" srcset=\"http:\/\/insaneboard.de\/blog\/wp-content\/uploads\/2014\/10\/IMG_20150827_162051-169x300.png 169w, http:\/\/insaneboard.de\/blog\/wp-content\/uploads\/2014\/10\/IMG_20150827_162051-576x1024.png 576w, http:\/\/insaneboard.de\/blog\/wp-content\/uploads\/2014\/10\/IMG_20150827_162051-624x1110.png 624w, http:\/\/insaneboard.de\/blog\/wp-content\/uploads\/2014\/10\/IMG_20150827_162051.png 750w\" sizes=\"auto, (max-width: 169px) 100vw, 169px\" \/><\/a><\/p>\n<p>31.<br \/>\n<strong>F:\u00a0\u00a0Ich plane mir in der n\u00e4chsten Zeit einen gr\u00f6\u00dferen Fernseher zu kaufen ist es m\u00f6glich die LED streifen zu verl\u00e4ngern?<\/strong><br \/>\nA: Das ist mit L\u00f6tkenntnissen kein Problem.\u00a0Die Segmente kann man beliebig ca. alle 4cm k\u00fcrzen bzw. verl\u00e4ngern.<\/p>\n<p>32.<br \/>\n<strong>F:\u00a0Kann auf dem Rasberry Pi gleichzeitig Kodi laufen?\u00a0<\/strong><br \/>\nA: Unser System basiert auf Raspbian. F\u00fcr Kodi empfehlen wir Openelec. Hier muss der Kunde die Installation selbst\u00a0vornehmen. Eine gute Anleitung gibt es <a href=\"http:\/\/www.forum-raspberrypi.de\/Thread-hyperion-openelec-mit-automatisierter-ambilight-quellenumschaltung-milhouse-08-08-15-2\" target=\"_blank\">hier<\/a><\/p>\n<p>33.<br \/>\n<strong>F: Ist es m\u00f6glich, dass bei dunklen Szenen die LED&#8217;s nicht komplett aus sind, sondern leicht\u00a0wei\u00df\u00a0leuchten?<\/strong><br \/>\nA: Daf\u00fcr ist die Blacklevel Einstellung zust\u00e4ndig<\/p>\n<p>Unterschied zwischen Blacklevel 0 (links) und 0,1 (rechts)<br \/>\n<a href=\"http:\/\/insaneboard.de\/blog\/wp-content\/uploads\/2014\/10\/IMG_20150915_152031.jpg\"><img loading=\"lazy\" decoding=\"async\" class=\"alignnone size-medium wp-image-550\" src=\"http:\/\/insaneboard.de\/blog\/wp-content\/uploads\/2014\/10\/IMG_20150915_152031-225x300.jpg\" alt=\"IMG_20150915_152031\" width=\"225\" height=\"300\" srcset=\"http:\/\/insaneboard.de\/blog\/wp-content\/uploads\/2014\/10\/IMG_20150915_152031-225x300.jpg 225w, http:\/\/insaneboard.de\/blog\/wp-content\/uploads\/2014\/10\/IMG_20150915_152031-768x1024.jpg 768w, http:\/\/insaneboard.de\/blog\/wp-content\/uploads\/2014\/10\/IMG_20150915_152031-624x832.jpg 624w\" sizes=\"auto, (max-width: 225px) 100vw, 225px\" \/><\/a>\u00a0<a href=\"http:\/\/insaneboard.de\/blog\/wp-content\/uploads\/2014\/10\/IMG_20150915_152105.jpg\"><img loading=\"lazy\" decoding=\"async\" class=\"alignnone size-medium wp-image-551\" src=\"http:\/\/insaneboard.de\/blog\/wp-content\/uploads\/2014\/10\/IMG_20150915_152105-225x300.jpg\" alt=\"IMG_20150915_152105\" width=\"225\" height=\"300\" srcset=\"http:\/\/insaneboard.de\/blog\/wp-content\/uploads\/2014\/10\/IMG_20150915_152105-225x300.jpg 225w, http:\/\/insaneboard.de\/blog\/wp-content\/uploads\/2014\/10\/IMG_20150915_152105-768x1024.jpg 768w, http:\/\/insaneboard.de\/blog\/wp-content\/uploads\/2014\/10\/IMG_20150915_152105-624x832.jpg 624w\" sizes=\"auto, (max-width: 225px) 100vw, 225px\" \/><\/a><\/p>\n<p>Hyperion Config Tool:<br \/>\n<a href=\"http:\/\/insaneboard.de\/blog\/wp-content\/uploads\/2014\/10\/blacklevel.jpg\"><img loading=\"lazy\" decoding=\"async\" class=\"alignnone size-medium wp-image-548\" src=\"http:\/\/insaneboard.de\/blog\/wp-content\/uploads\/2014\/10\/blacklevel-300x162.jpg\" alt=\"blacklevel\" width=\"300\" height=\"162\" srcset=\"http:\/\/insaneboard.de\/blog\/wp-content\/uploads\/2014\/10\/blacklevel-300x162.jpg 300w, http:\/\/insaneboard.de\/blog\/wp-content\/uploads\/2014\/10\/blacklevel-1024x551.jpg 1024w, http:\/\/insaneboard.de\/blog\/wp-content\/uploads\/2014\/10\/blacklevel-624x336.jpg 624w, http:\/\/insaneboard.de\/blog\/wp-content\/uploads\/2014\/10\/blacklevel.jpg 1300w\" sizes=\"auto, (max-width: 300px) 100vw, 300px\" \/><\/a><\/p>\n<p>Hyperion App:<br \/>\n<a href=\"http:\/\/insaneboard.de\/blog\/wp-content\/uploads\/2014\/10\/IMG_20150915_152859.png\"><img loading=\"lazy\" decoding=\"async\" class=\"alignnone size-medium wp-image-549\" src=\"http:\/\/insaneboard.de\/blog\/wp-content\/uploads\/2014\/10\/IMG_20150915_152859-169x300.png\" alt=\"IMG_20150915_152859\" width=\"169\" height=\"300\" srcset=\"http:\/\/insaneboard.de\/blog\/wp-content\/uploads\/2014\/10\/IMG_20150915_152859-169x300.png 169w, http:\/\/insaneboard.de\/blog\/wp-content\/uploads\/2014\/10\/IMG_20150915_152859-576x1024.png 576w, http:\/\/insaneboard.de\/blog\/wp-content\/uploads\/2014\/10\/IMG_20150915_152859-624x1110.png 624w, http:\/\/insaneboard.de\/blog\/wp-content\/uploads\/2014\/10\/IMG_20150915_152859.png 750w\" sizes=\"auto, (max-width: 169px) 100vw, 169px\" \/><\/a><\/p>\n<p>Einstellung in per App nur bis zum n\u00e4chsten Neustart. F\u00fcr dauerhafte Einstellung m\u00fcssen die Werte in die\u00a0hyperion.config.json eingetragen werden. Siehe <a href=\"http:\/\/insaneboard.de\/blog\/?page_id=2\" target=\"_blank\">hier<\/a><\/p>\n<p>34.<br \/>\n<strong>F: Wie sieht es mit\u00a0UHD (4K) aus?<\/strong><br \/>\nA: Ja, UHD (4K) funktioniert einwandfrei.\u00a0 Weitere Infos zu Insanelight und 4K (UHD) <a href=\"http:\/\/insaneboard.de\/blog\/?p=331\" target=\"_blank\">hier<\/a><\/p>\n<p>35.<br \/>\n<strong>F: Darf man auf eurem Raspberry\u00a0Software wie zb OwnCloud installieren oder zus\u00e4tzlich andere Projekte realisieren?<\/strong><br \/>\nA: Das ist kein Problem. Man kann parallel zu Hyperion andere Dienste installieren. Hyperion ben\u00f6tigt zwischen 2 und 10% CPU Last (Abh\u00e4ngig von der Anzahl der LED&#8217;s). Update des Systems sollte jedoch vermieden werden, da es unter Umst\u00e4nden zu Treiberproblemen (USB Grabber) kommen kann.<\/p>\n<p>36.<br \/>\n<strong>F: Funktioniert ARC mit Insanelight?<\/strong><br \/>\nA: ARC (Audio Return Channel) funktioniert mit der 2&#215;4 Matrix von Ligawo<br \/>\n<a href=\"http:\/\/www.amazon.de\/gp\/product\/B00H70JSXQ\/ref=as_li_tl?ie=UTF8&amp;camp=1638&amp;creative=6742&amp;creativeASIN=B00H70JSXQ&amp;linkCode=as2&amp;tag=insaneware-21\" target=\"_blank\" rel=\"nofollow\">Ligawo Premium HDMI Matrix 4&#215;2 Switch &#8211; 4K*2K ULTRA HD 1080p 3D ARC EDID Steuerung Audioausgang SPDIF 5.1 Surround Audio &#8211; 4 Eing\u00e4nge an 2 Ausg\u00e4nge<\/a><img loading=\"lazy\" decoding=\"async\" style=\"border: none !important; margin: 0px !important;\" src=\"http:\/\/ir-de.amazon-adsystem.com\/e\/ir?t=insaneware-21&amp;l=as2&amp;o=3&amp;a=B00H70JSXQ\" alt=\"\" width=\"1\" height=\"1\" border=\"0\" \/><\/p>\n<p>37.<br \/>\n<strong>F: Ist die Einbindung mit Philips HUE m\u00f6glich?<\/strong><br \/>\nA: Phillips HUE ist experimentell m\u00f6glich. Siehe <a href=\"http:\/\/www.forum-raspberrypi.de\/Thread-hyperion-philips-hue\" target=\"_blank\">hier<\/a>. Wir werden mit Sicherheit in Zukunft uns das Thema annehmen und ein fertiges Image anbieten.<\/p>\n<p>38.<br \/>\n<strong>F: Wei\u00df ist nicht ganz Wei\u00df. Wie kann ich das einstellen?<\/strong><br \/>\nA: Die Farbe Wei\u00df wird mit den Farben Rot\/Gr\u00fcn\/Blau erzeugt, indem alle Farben gleich leuchten. Wenn eine Farbe dominiert, ist es kein &#8222;richtiges&#8220; Wei\u00df mehr.\u00a0Jeder Mensch nimmt die Farben unterschiedlich stark auf. Man kann alle Farben leicht in der Hyperion App kalibrieren und dann fest in die Config abspeichern. Wie das geht ist <a href=\"https:\/\/www.joachim-wilke.de\/blog\/2015\/01\/22\/hyperion-ambilight-kalibrieren\/\" target=\"_blank\">hier <\/a>gut erkl\u00e4rt<\/p>\n<p>39.<br \/>\n<strong>F: Wie lang sind die Kabel des Netzteils?<\/strong><br \/>\nA: Stromkabel: ~108cm \/ DC Kabel: ~114cm<\/p>\n<p>40.<br \/>\n<strong>F: Funktioniert CEC Steuerung zb. f\u00fcr Kodi?<\/strong><br \/>\nA: CEC funktioniert mit dem\u00a0<a href=\"http:\/\/www.insaneware.de\/epages\/61714203.sf\/de_DE\/?ObjectPath=\/Shops\/61714203\/Products\/hdmispl4k\" target=\"_blank\">HDMI Splitter 1&#215;2 4K Ultra HD 1 In 2 Out<\/a>\u00a0\u00dcber den Output 2 zuverl\u00e4ssig. Kompakte Version ist hier nicht m\u00f6glich. Siehe weitere Infos <a href=\"http:\/\/insaneboard.de\/blog\/?p=331\" target=\"_blank\">klick<\/a><\/p>\n<p>&nbsp;<\/p>\n<h1>Diese Seite\u00a0wird st\u00e4ndig aktualisiert&#8230;<\/h1>\n<p>letztes Update: 15.07.2016<\/p>\n","protected":false},"excerpt":{"rendered":"<p>1. F: Gibt es ein Geh\u00e4use f\u00fcr alle Komponenten? A: ja, bald 2. F: Kann man die Komponenten auch einzeln kaufen? A: ja, hier 3. F: Gibt es f\u00fcr den Raspberry einen Schalter zum runterfahren? A: ja, hier Ansonsten hier ein Video um den Raspberry per Konsole herunter zu fahren. 4. F: Meine Ma\u00dfe sind [&hellip;]<\/p>\n","protected":false},"author":2,"featured_media":0,"parent":51,"menu_order":0,"comment_status":"open","ping_status":"open","template":"","meta":{"footnotes":""},"class_list":["post-141","page","type-page","status-publish","hentry"],"_links":{"self":[{"href":"http:\/\/insaneboard.de\/blog\/index.php?rest_route=\/wp\/v2\/pages\/141","targetHints":{"allow":["GET"]}}],"collection":[{"href":"http:\/\/insaneboard.de\/blog\/index.php?rest_route=\/wp\/v2\/pages"}],"about":[{"href":"http:\/\/insaneboard.de\/blog\/index.php?rest_route=\/wp\/v2\/types\/page"}],"author":[{"embeddable":true,"href":"http:\/\/insaneboard.de\/blog\/index.php?rest_route=\/wp\/v2\/users\/2"}],"replies":[{"embeddable":true,"href":"http:\/\/insaneboard.de\/blog\/index.php?rest_route=%2Fwp%2Fv2%2Fcomments&post=141"}],"version-history":[{"count":56,"href":"http:\/\/insaneboard.de\/blog\/index.php?rest_route=\/wp\/v2\/pages\/141\/revisions"}],"predecessor-version":[{"id":1569,"href":"http:\/\/insaneboard.de\/blog\/index.php?rest_route=\/wp\/v2\/pages\/141\/revisions\/1569"}],"up":[{"embeddable":true,"href":"http:\/\/insaneboard.de\/blog\/index.php?rest_route=\/wp\/v2\/pages\/51"}],"wp:attachment":[{"href":"http:\/\/insaneboard.de\/blog\/index.php?rest_route=%2Fwp%2Fv2%2Fmedia&parent=141"}],"curies":[{"name":"wp","href":"https:\/\/api.w.org\/{rel}","templated":true}]}}